{"id":2734,"date":"2023-07-11T11:02:41","date_gmt":"2023-07-11T11:02:41","guid":{"rendered":"https:\/\/goldwerk-wiesbaden.de\/?page_id=2734"},"modified":"2024-03-19T22:01:39","modified_gmt":"2024-03-19T22:01:39","slug":"impressum","status":"publish","type":"page","link":"https:\/\/goldwerk-wiesbaden.de\/index.php\/impressum\/","title":{"rendered":"Impressum"},"content":{"rendered":"\t\t<div data-elementor-type=\"wp-page\" data-elementor-id=\"2734\" class=\"elementor elementor-2734\">\n\t\t\t\t\t\t<section class=\"elementor-section elementor-top-section elementor-element elementor-element-f7c225c elementor-section-boxed elementor-section-height-default elementor-section-height-default elementor-invisible\" data-id=\"f7c225c\" data-element_type=\"section\" data-e-type=\"section\" data-settings=\"{&quot;animation&quot;:&quot;fadeIn&quot;}\">\n\t\t\t\t\t\t<div class=\"elementor-container elementor-column-gap-default\">\n\t\t\t\t\t<div class=\"elementor-column elementor-col-100 elementor-top-column elementor-element elementor-element-c5ed964\" data-id=\"c5ed964\" data-element_type=\"column\" data-e-type=\"column\">\n\t\t\t<div class=\"elementor-widget-wrap elementor-element-populated\">\n\t\t\t\t\t\t<div class=\"elementor-element elementor-element-ea4dd3f elementor-widget elementor-widget-slider_revolution\" data-id=\"ea4dd3f\" data-element_type=\"widget\" data-e-type=\"widget\" data-widget_type=\"slider_revolution.default\">\n\t\t\t\t<div class=\"elementor-widget-container\">\n\t\t\t\t\t\n\t\t<div class=\"wp-block-themepunch-revslider\">\n\t\t\t<!-- START Threecube Slider REVOLUTION SLIDER 6.5.15 --><p class=\"rs-p-wp-fix\"><\/p>\n\t\t\t<rs-module-wrap id=\"rev_slider_1_1_wrapper\" data-source=\"gallery\" style=\"visibility:hidden;background:transparent;padding:0;margin:0px auto;margin-top:0;margin-bottom:0;\">\n\t\t\t\t<rs-module id=\"rev_slider_1_1\" style=\"\" data-version=\"6.5.15\">\n\t\t\t\t\t<rs-slides>\n\t\t\t\t\t\t<rs-slide style=\"position: absolute;\" data-key=\"rs-1\" data-title=\"main banner 1\" data-thumb=\"\/\/goldwerk-wiesbaden.de\/wp-content\/uploads\/2023\/07\/IMG_7086-1-scaled-50x100.jpeg\" data-anim=\"ms:1300;f:edges;\" data-in=\"mo:35;moo:none;o:0;x:ran(-20|20);y:ran(-20|20);r:180;e:sine.inOut;col:100;\" data-out=\"a:false;\">\n\t\t\t\t\t\t\t<img fetchpriority=\"high\" decoding=\"async\" src=\"\/\/goldwerk-wiesbaden.de\/wp-content\/plugins\/revslider\/public\/assets\/assets\/dummy.png\" alt=\"\" title=\"IMG_7086\" width=\"2560\" height=\"1920\" class=\"rev-slidebg tp-rs-img rs-lazyload\" data-lazyload=\"\/\/goldwerk-wiesbaden.de\/wp-content\/uploads\/2023\/07\/IMG_7086-1-scaled.jpeg\" data-no-retina>\n<!--\n\t\t\t\t\t\t\t--><rs-layer\n\t\t\t\t\t\t\t\tid=\"slider-1-slide-1-layer-1\" \n\t\t\t\t\t\t\t\tdata-type=\"text\"\n\t\t\t\t\t\t\t\tdata-color=\"#ffffff\"\n\t\t\t\t\t\t\t\tdata-rsp_ch=\"on\"\n\t\t\t\t\t\t\t\tdata-xy=\"x:5px;y:299px;\"\n\t\t\t\t\t\t\t\tdata-text=\"w:normal;s:58;l:60;ls:2px;\"\n\t\t\t\t\t\t\t\tdata-dim=\"w:998px;\"\n\t\t\t\t\t\t\t\tdata-frame_0=\"o:1;\"\n\t\t\t\t\t\t\t\tdata-frame_0_chars=\"d:5;o:0;rX:-90deg;oZ:-50;\"\n\t\t\t\t\t\t\t\tdata-frame_1=\"sp:1750;\"\n\t\t\t\t\t\t\t\tdata-frame_1_chars=\"e:power4.inOut;d:10;oZ:-50;\"\n\t\t\t\t\t\t\t\tdata-frame_999=\"o:0;st:w;sR:5850;\"\n\t\t\t\t\t\t\t\tstyle=\"z-index:6;font-family:'Krona One';text-transform:uppercase;\"\n\t\t\t\t\t\t\t>Goldwerk Wiesbaden \n\t\t\t\t\t\t\t<\/rs-layer><!--\n-->\t\t\t\t\t\t<\/rs-slide>\n\t\t\t\t\t\t<rs-slide style=\"position: absolute;\" data-key=\"rs-2\" data-title=\"main banner 1\" data-thumb=\"\/\/goldwerk-wiesbaden.de\/wp-content\/uploads\/revslider\/video-media\/IMG_8290_2-50x100.jpeg\" data-anim=\"ms:1300;f:edges;\" data-in=\"mo:35;moo:none;o:0;x:ran(-20|20);y:ran(-20|20);r:180;e:sine.inOut;col:100;\" data-out=\"a:false;\">\n\t\t\t\t\t\t\t<img decoding=\"async\" src=\"\/\/goldwerk-wiesbaden.de\/wp-content\/plugins\/revslider\/public\/assets\/assets\/dummy.png\" alt=\"\" title=\"IMG_8290_2.jpeg\" width=\"640\" height=\"360\" class=\"rev-slidebg tp-rs-img rs-lazyload\" data-lazyload=\"\/\/goldwerk-wiesbaden.de\/wp-content\/uploads\/revslider\/video-media\/IMG_8290_2.jpeg\" data-no-retina>\n\t\t\t\t\t\t\t<rs-bgvideo \n\t\t\t\t\t\t\t\tdata-video=\"w:100%;h:100%;nse:false;l:true;ptimer:false;vfc:true;\"\n\t\t\t\t\t\t\t\tdata-mp4=\"\/\/goldwerk-wiesbaden.de\/wp-content\/uploads\/2023\/07\/IMG_8290.mp4\"\n\t\t\t\t\t\t\t><\/rs-bgvideo>\n<!---->\t\t\t\t\t\t<\/rs-slide>\n\t\t\t\t\t<\/rs-slides>\n\t\t\t\t\t<rs-static-layers><!--\n\t\t\t\t\t--><\/rs-static-layers>\n\t\t\t\t<\/rs-module>\n\t\t\t\t<script>\n\t\t\t\t\tsetREVStartSize({c: 'rev_slider_1_1',rl:[1240,1024,778,480],el:[825],gw:[1024],gh:[825],type:'standard',justify:'',layout:'fullwidth',mh:\"0\"});if (window.RS_MODULES!==undefined && window.RS_MODULES.modules!==undefined && window.RS_MODULES.modules[\"revslider11\"]!==undefined) {window.RS_MODULES.modules[\"revslider11\"].once = false;window.revapi1 = undefined;if (window.RS_MODULES.checkMinimal!==undefined) window.RS_MODULES.checkMinimal()}\n\t\t\t\t<\/script>\n\t\t\t<\/rs-module-wrap>\n\t\t\t<!-- END REVOLUTION SLIDER -->\n<\/div>\n\n\t\t\t\t\t\t<\/div>\n\t\t\t\t<\/div>\n\t\t\t\t\t<\/div>\n\t\t<\/div>\n\t\t\t\t\t<\/div>\n\t\t<\/section>\n\t\t\t\t<section class=\"elementor-section elementor-top-section elementor-element elementor-element-c1db0b8 elementor-section-boxed elementor-section-height-default elementor-section-height-default\" data-id=\"c1db0b8\" data-element_type=\"section\" data-e-type=\"section\">\n\t\t\t\t\t\t<div class=\"elementor-container elementor-column-gap-default\">\n\t\t\t\t\t<div class=\"elementor-column elementor-col-100 elementor-top-column elementor-element elementor-element-2ae5550\" data-id=\"2ae5550\" data-element_type=\"column\" data-e-type=\"column\">\n\t\t\t<div class=\"elementor-widget-wrap elementor-element-populated\">\n\t\t\t\t\t\t<div class=\"elementor-element elementor-element-7232415 elementor-widget elementor-widget-spacer\" data-id=\"7232415\" data-element_type=\"widget\" data-e-type=\"widget\" data-widget_type=\"spacer.default\">\n\t\t\t\t<div class=\"elementor-widget-container\">\n\t\t\t\t\t\t\t<div class=\"elementor-spacer\">\n\t\t\t<div class=\"elementor-spacer-inner\"><\/div>\n\t\t<\/div>\n\t\t\t\t\t\t<\/div>\n\t\t\t\t<\/div>\n\t\t\t\t\t<\/div>\n\t\t<\/div>\n\t\t\t\t\t<\/div>\n\t\t<\/section>\n\t\t\t\t<section class=\"elementor-section elementor-top-section elementor-element elementor-element-c40bd92 elementor-section-boxed elementor-section-height-default elementor-section-height-default\" data-id=\"c40bd92\" data-element_type=\"section\" data-e-type=\"section\">\n\t\t\t\t\t\t<div class=\"elementor-container elementor-column-gap-default\">\n\t\t\t\t\t<div class=\"elementor-column elementor-col-100 elementor-top-column elementor-element elementor-element-d8b34f1\" data-id=\"d8b34f1\" data-element_type=\"column\" data-e-type=\"column\">\n\t\t\t<div class=\"elementor-widget-wrap elementor-element-populated\">\n\t\t\t\t\t\t<div class=\"elementor-element elementor-element-699c3e4 elementor-widget elementor-widget-text-editor\" data-id=\"699c3e4\" data-element_type=\"widget\" data-e-type=\"widget\" data-widget_type=\"text-editor.default\">\n\t\t\t\t<div class=\"elementor-widget-container\">\n\t\t\t\t\t\t\t\t\t<p>Impressum<\/p>\t\t\t\t\t\t\t\t<\/div>\n\t\t\t\t<\/div>\n\t\t\t\t\t<\/div>\n\t\t<\/div>\n\t\t\t\t\t<\/div>\n\t\t<\/section>\n\t\t\t\t<section class=\"elementor-section elementor-top-section elementor-element elementor-element-cbd641e elementor-section-boxed elementor-section-height-default elementor-section-height-default\" data-id=\"cbd641e\" data-element_type=\"section\" data-e-type=\"section\">\n\t\t\t\t\t\t<div class=\"elementor-container elementor-column-gap-default\">\n\t\t\t\t\t<div class=\"elementor-column elementor-col-100 elementor-top-column elementor-element elementor-element-0b3e2ff\" data-id=\"0b3e2ff\" data-element_type=\"column\" data-e-type=\"column\">\n\t\t\t<div class=\"elementor-widget-wrap elementor-element-populated\">\n\t\t\t\t\t\t<div class=\"elementor-element elementor-element-dce76c1 elementor-widget elementor-widget-spacer\" data-id=\"dce76c1\" data-element_type=\"widget\" data-e-type=\"widget\" data-widget_type=\"spacer.default\">\n\t\t\t\t<div class=\"elementor-widget-container\">\n\t\t\t\t\t\t\t<div class=\"elementor-spacer\">\n\t\t\t<div class=\"elementor-spacer-inner\"><\/div>\n\t\t<\/div>\n\t\t\t\t\t\t<\/div>\n\t\t\t\t<\/div>\n\t\t\t\t\t<\/div>\n\t\t<\/div>\n\t\t\t\t\t<\/div>\n\t\t<\/section>\n\t\t\t\t<section class=\"elementor-section elementor-top-section elementor-element elementor-element-795215f elementor-section-boxed elementor-section-height-default elementor-section-height-default\" data-id=\"795215f\" data-element_type=\"section\" data-e-type=\"section\">\n\t\t\t\t\t\t<div class=\"elementor-container elementor-column-gap-default\">\n\t\t\t\t\t<div class=\"elementor-column elementor-col-100 elementor-top-column elementor-element elementor-element-7ba4531\" data-id=\"7ba4531\" data-element_type=\"column\" data-e-type=\"column\">\n\t\t\t<div class=\"elementor-widget-wrap elementor-element-populated\">\n\t\t\t\t\t\t<div class=\"elementor-element elementor-element-99326a7 elementor-widget__width-initial elementor-widget elementor-widget-text-editor\" data-id=\"99326a7\" data-element_type=\"widget\" data-e-type=\"widget\" data-widget_type=\"text-editor.default\">\n\t\t\t\t<div class=\"elementor-widget-container\">\n\t\t\t\t\t\t\t\t\t<div class=\"row\"><div class=\"col\"><p class=\"text-white\"><span style=\"color: #000000;\">Goldwerk-Wiesbaden<\/span><\/p><\/div><\/div><p>Poststra\u00dfe 27a\u00a0<br \/>65191 Wiesbaden Bierstadt<br \/>D<span style=\"color: #000000;\">eutschland<\/span><\/p><div class=\"row\"><div class=\"col\"><p><span style=\"color: #000000;\">Telefon: 0170 \/ 3603287<br \/><\/span><\/p><p><span style=\"color: #000000;\">webseite: goldwerk-wiesbaden.de<\/span><br \/><span style=\"color: #000000;\">E-Mail: info@goldwerk-wiesbaden.de<\/span><\/p><p><span style=\"color: #000000;\"><b>Urheberrecht<br \/><\/b><\/span><br \/><span style=\"color: #000000;\">\u00a9 Alle Rechte vorbehalten. Insbesondere d\u00fcrfen Vervielf\u00e4ltigungen nur nach vorheriger schriftlicher Zustimmung des Anbieters erfolgen. Mit der Nutzung der Website https:\/\/goldwerk-wiesbaden.de<\/span><span style=\"color: #000000;\">erkl\u00e4ren Sie sich mit unseren Nutzungsbedingungen einverstanden. F\u00fcr die Richtigkeit und Vollst\u00e4ndigkeit wird keine Gew\u00e4hr \u00fcbernommen. Dasselbe gilt f\u00fcr die Inhalte Dritter, die \u00fcber diese Seiten zug\u00e4nglich gemacht werden. In keinem Fall wird f\u00fcr Sch\u00e4den, die sich aus der Verwendung der abgerufenen Informationen oder dem Versenden von Informationen ergeben k\u00f6nnten, eine Haftung \u00fcbernommen.<\/span><\/p><p><span style=\"color: #000000;\"><b>Haftungsausschluss<\/b><\/span><br \/><span style=\"color: #000000;\">Die bereitgestellten Informationen auf der Website www.goldwerk-wiesbade.de wurden sorgf\u00e4ltig gepr\u00fcft und werden regelm\u00e4\u00dfig aktualisiert. Jedoch kann keine Haftung oder Garantie daf\u00fcr \u00fcbernommen werden, dass alle Angaben zu jeder Zeit vollst\u00e4ndig, richtig und in letzter Aktualit\u00e4t dargestellt sind. Dies gilt insbesondere f\u00fcr alle &#8222;Links&#8220; zu anderen Websites, auf die direkt oder indirekt verwiesen wird. Hinsichtlich der Links erkl\u00e4rt die Goldwerk Wiesbaden<\/span><\/p><p><span style=\"color: #000000;\">ausdr\u00fccklich, dass sie keinerlei Einfluss auf die Gestaltung und die Inhalte der verlinkten Seiten hat und sich diese Inhalte nicht zu eigen macht.<\/span><\/p><\/div><\/div>\t\t\t\t\t\t\t\t<\/div>\n\t\t\t\t<\/div>\n\t\t\t\t\t<\/div>\n\t\t<\/div>\n\t\t\t\t\t<\/div>\n\t\t<\/section>\n\t\t\t\t<section class=\"elementor-section elementor-top-section elementor-element elementor-element-8973e1e elementor-section-boxed elementor-section-height-default elementor-section-height-default\" data-id=\"8973e1e\" data-element_type=\"section\" data-e-type=\"section\">\n\t\t\t\t\t\t<div class=\"elementor-container elementor-column-gap-default\">\n\t\t\t\t\t<div class=\"elementor-column elementor-col-100 elementor-top-column elementor-element elementor-element-2c97668\" data-id=\"2c97668\" data-element_type=\"column\" data-e-type=\"column\">\n\t\t\t<div class=\"elementor-widget-wrap elementor-element-populated\">\n\t\t\t\t\t\t<div class=\"elementor-element elementor-element-f5bd8e3 elementor-widget elementor-widget-spacer\" data-id=\"f5bd8e3\" data-element_type=\"widget\" data-e-type=\"widget\" data-widget_type=\"spacer.default\">\n\t\t\t\t<div class=\"elementor-widget-container\">\n\t\t\t\t\t\t\t<div class=\"elementor-spacer\">\n\t\t\t<div class=\"elementor-spacer-inner\"><\/div>\n\t\t<\/div>\n\t\t\t\t\t\t<\/div>\n\t\t\t\t<\/div>\n\t\t\t\t\t<\/div>\n\t\t<\/div>\n\t\t\t\t\t<\/div>\n\t\t<\/section>\n\t\t\t\t<\/div>\n\t\t","protected":false},"excerpt":{"rendered":"<p>Impressum Goldwerk-Wiesbaden Poststra\u00dfe 27a\u00a065191 Wiesbaden BierstadtDeutschland Telefon: 0170 \/ 3603287 webseite: goldwerk-wiesbaden.deE-Mail: info@goldwerk-wiesbaden.de Urheberrecht\u00a9 Alle Rechte vorbehalten. Insbesondere d\u00fcrfen Vervielf\u00e4ltigungen nur nach vorheriger schriftlicher Zustimmung des Anbieters erfolgen. Mit der Nutzung der Website https:\/\/goldwerk-wiesbaden.deerkl\u00e4ren Sie sich mit unseren Nutzungsbedingungen einverstanden. F\u00fcr die Richtigkeit und Vollst\u00e4ndigkeit wird keine Gew\u00e4hr \u00fcbernommen. Dasselbe gilt f\u00fcr die Inhalte Dritter,&#8230;<\/p>\n","protected":false},"author":2,"featured_media":0,"parent":0,"menu_order":0,"comment_status":"closed","ping_status":"closed","template":"","meta":{"_kad_post_transparent":"default","_kad_post_title":"hide","_kad_post_layout":"normal","_kad_post_sidebar_id":"","_kad_post_content_style":"unboxed","_kad_post_vertical_padding":"hide","_kad_post_feature":"hide","_kad_post_feature_position":"","_kad_post_header":false,"_kad_post_footer":false,"footnotes":""},"class_list":["post-2734","page","type-page","status-publish","hentry"],"_links":{"self":[{"href":"https:\/\/goldwerk-wiesbaden.de\/index.php\/wp-json\/wp\/v2\/pages\/2734","targetHints":{"allow":["GET"]}}],"collection":[{"href":"https:\/\/goldwerk-wiesbaden.de\/index.php\/wp-json\/wp\/v2\/pages"}],"about":[{"href":"https:\/\/goldwerk-wiesbaden.de\/index.php\/wp-json\/wp\/v2\/types\/page"}],"author":[{"embeddable":true,"href":"https:\/\/goldwerk-wiesbaden.de\/index.php\/wp-json\/wp\/v2\/users\/2"}],"replies":[{"embeddable":true,"href":"https:\/\/goldwerk-wiesbaden.de\/index.php\/wp-json\/wp\/v2\/comments?post=2734"}],"version-history":[{"count":23,"href":"https:\/\/goldwerk-wiesbaden.de\/index.php\/wp-json\/wp\/v2\/pages\/2734\/revisions"}],"predecessor-version":[{"id":2842,"href":"https:\/\/goldwerk-wiesbaden.de\/index.php\/wp-json\/wp\/v2\/pages\/2734\/revisions\/2842"}],"wp:attachment":[{"href":"https:\/\/goldwerk-wiesbaden.de\/index.php\/wp-json\/wp\/v2\/media?parent=2734"}],"curies":[{"name":"wp","href":"https:\/\/api.w.org\/{rel}","templated":true}]}}