{"id":2794,"date":"2023-07-11T13:00:19","date_gmt":"2023-07-11T13:00:19","guid":{"rendered":"https:\/\/goldwerk-wiesbaden.de\/?page_id=2794"},"modified":"2023-07-11T13:25:15","modified_gmt":"2023-07-11T13:25:15","slug":"ueber-mich","status":"publish","type":"page","link":"https:\/\/goldwerk-wiesbaden.de\/index.php\/ueber-mich\/","title":{"rendered":"\u00fcber mich"},"content":{"rendered":"\t\t<div data-elementor-type=\"wp-page\" data-elementor-id=\"2794\" class=\"elementor elementor-2794\">\n\t\t\t\t\t\t<section class=\"elementor-section elementor-top-section elementor-element elementor-element-f7c225c elementor-section-boxed elementor-section-height-default elementor-section-height-default elementor-invisible\" data-id=\"f7c225c\" data-element_type=\"section\" data-e-type=\"section\" data-settings=\"{&quot;animation&quot;:&quot;fadeIn&quot;}\">\n\t\t\t\t\t\t<div class=\"elementor-container elementor-column-gap-default\">\n\t\t\t\t\t<div class=\"elementor-column elementor-col-100 elementor-top-column elementor-element elementor-element-c5ed964\" data-id=\"c5ed964\" data-element_type=\"column\" data-e-type=\"column\">\n\t\t\t<div class=\"elementor-widget-wrap elementor-element-populated\">\n\t\t\t\t\t\t<div class=\"elementor-element elementor-element-ea4dd3f elementor-widget elementor-widget-slider_revolution\" data-id=\"ea4dd3f\" data-element_type=\"widget\" data-e-type=\"widget\" data-widget_type=\"slider_revolution.default\">\n\t\t\t\t<div class=\"elementor-widget-container\">\n\t\t\t\t\t\n\t\t<div class=\"wp-block-themepunch-revslider\">\n\t\t\t<!-- START Threecube Slider REVOLUTION SLIDER 6.5.15 --><p class=\"rs-p-wp-fix\"><\/p>\n\t\t\t<rs-module-wrap id=\"rev_slider_1_1_wrapper\" data-source=\"gallery\" style=\"visibility:hidden;background:transparent;padding:0;margin:0px auto;margin-top:0;margin-bottom:0;\">\n\t\t\t\t<rs-module id=\"rev_slider_1_1\" style=\"\" data-version=\"6.5.15\">\n\t\t\t\t\t<rs-slides>\n\t\t\t\t\t\t<rs-slide style=\"position: absolute;\" data-key=\"rs-1\" data-title=\"main banner 1\" data-thumb=\"\/\/goldwerk-wiesbaden.de\/wp-content\/uploads\/2023\/07\/IMG_7086-1-scaled-50x100.jpeg\" data-anim=\"ms:1300;f:edges;\" data-in=\"mo:35;moo:none;o:0;x:ran(-20|20);y:ran(-20|20);r:180;e:sine.inOut;col:100;\" data-out=\"a:false;\">\n\t\t\t\t\t\t\t<img fetchpriority=\"high\" decoding=\"async\" src=\"\/\/goldwerk-wiesbaden.de\/wp-content\/plugins\/revslider\/public\/assets\/assets\/dummy.png\" alt=\"\" title=\"IMG_7086\" width=\"2560\" height=\"1920\" class=\"rev-slidebg tp-rs-img rs-lazyload\" data-lazyload=\"\/\/goldwerk-wiesbaden.de\/wp-content\/uploads\/2023\/07\/IMG_7086-1-scaled.jpeg\" data-no-retina>\n<!--\n\t\t\t\t\t\t\t--><rs-layer\n\t\t\t\t\t\t\t\tid=\"slider-1-slide-1-layer-1\" \n\t\t\t\t\t\t\t\tdata-type=\"text\"\n\t\t\t\t\t\t\t\tdata-color=\"#ffffff\"\n\t\t\t\t\t\t\t\tdata-rsp_ch=\"on\"\n\t\t\t\t\t\t\t\tdata-xy=\"x:5px;y:299px;\"\n\t\t\t\t\t\t\t\tdata-text=\"w:normal;s:58;l:60;ls:2px;\"\n\t\t\t\t\t\t\t\tdata-dim=\"w:998px;\"\n\t\t\t\t\t\t\t\tdata-frame_0=\"o:1;\"\n\t\t\t\t\t\t\t\tdata-frame_0_chars=\"d:5;o:0;rX:-90deg;oZ:-50;\"\n\t\t\t\t\t\t\t\tdata-frame_1=\"sp:1750;\"\n\t\t\t\t\t\t\t\tdata-frame_1_chars=\"e:power4.inOut;d:10;oZ:-50;\"\n\t\t\t\t\t\t\t\tdata-frame_999=\"o:0;st:w;sR:5850;\"\n\t\t\t\t\t\t\t\tstyle=\"z-index:6;font-family:'Krona One';text-transform:uppercase;\"\n\t\t\t\t\t\t\t>Goldwerk Wiesbaden \n\t\t\t\t\t\t\t<\/rs-layer><!--\n-->\t\t\t\t\t\t<\/rs-slide>\n\t\t\t\t\t\t<rs-slide style=\"position: absolute;\" data-key=\"rs-2\" data-title=\"main banner 1\" data-thumb=\"\/\/goldwerk-wiesbaden.de\/wp-content\/uploads\/revslider\/video-media\/IMG_8290_2-50x100.jpeg\" data-anim=\"ms:1300;f:edges;\" data-in=\"mo:35;moo:none;o:0;x:ran(-20|20);y:ran(-20|20);r:180;e:sine.inOut;col:100;\" data-out=\"a:false;\">\n\t\t\t\t\t\t\t<img decoding=\"async\" src=\"\/\/goldwerk-wiesbaden.de\/wp-content\/plugins\/revslider\/public\/assets\/assets\/dummy.png\" alt=\"\" title=\"IMG_8290_2.jpeg\" width=\"640\" height=\"360\" class=\"rev-slidebg tp-rs-img rs-lazyload\" data-lazyload=\"\/\/goldwerk-wiesbaden.de\/wp-content\/uploads\/revslider\/video-media\/IMG_8290_2.jpeg\" data-no-retina>\n\t\t\t\t\t\t\t<rs-bgvideo \n\t\t\t\t\t\t\t\tdata-video=\"w:100%;h:100%;nse:false;l:true;ptimer:false;vfc:true;\"\n\t\t\t\t\t\t\t\tdata-mp4=\"\/\/goldwerk-wiesbaden.de\/wp-content\/uploads\/2023\/07\/IMG_8290.mp4\"\n\t\t\t\t\t\t\t><\/rs-bgvideo>\n<!---->\t\t\t\t\t\t<\/rs-slide>\n\t\t\t\t\t<\/rs-slides>\n\t\t\t\t\t<rs-static-layers><!--\n\t\t\t\t\t--><\/rs-static-layers>\n\t\t\t\t<\/rs-module>\n\t\t\t\t<script>\n\t\t\t\t\tsetREVStartSize({c: 'rev_slider_1_1',rl:[1240,1024,778,480],el:[825],gw:[1024],gh:[825],type:'standard',justify:'',layout:'fullwidth',mh:\"0\"});if (window.RS_MODULES!==undefined && window.RS_MODULES.modules!==undefined && window.RS_MODULES.modules[\"revslider11\"]!==undefined) {window.RS_MODULES.modules[\"revslider11\"].once = false;window.revapi1 = undefined;if (window.RS_MODULES.checkMinimal!==undefined) window.RS_MODULES.checkMinimal()}\n\t\t\t\t<\/script>\n\t\t\t<\/rs-module-wrap>\n\t\t\t<!-- END REVOLUTION SLIDER -->\n<\/div>\n\n\t\t\t\t\t\t<\/div>\n\t\t\t\t<\/div>\n\t\t\t\t\t<\/div>\n\t\t<\/div>\n\t\t\t\t\t<\/div>\n\t\t<\/section>\n\t\t\t\t<section class=\"elementor-section elementor-top-section elementor-element elementor-element-1bbdd4b elementor-section-boxed elementor-section-height-default elementor-section-height-default\" data-id=\"1bbdd4b\" data-element_type=\"section\" data-e-type=\"section\">\n\t\t\t\t\t\t<div class=\"elementor-container elementor-column-gap-default\">\n\t\t\t\t\t<div class=\"elementor-column elementor-col-100 elementor-top-column elementor-element elementor-element-51a5a92\" data-id=\"51a5a92\" data-element_type=\"column\" data-e-type=\"column\">\n\t\t\t<div class=\"elementor-widget-wrap elementor-element-populated\">\n\t\t\t\t\t\t<div class=\"elementor-element elementor-element-4c1c769 elementor-widget elementor-widget-text-editor\" data-id=\"4c1c769\" data-element_type=\"widget\" data-e-type=\"widget\" data-widget_type=\"text-editor.default\">\n\t\t\t\t<div class=\"elementor-widget-container\">\n\t\t\t\t\t\t\t\t\t<p style=\"text-align: center;\"><span style=\"color: #000000;\">\u00fcber mich<br \/><\/span><\/p>\t\t\t\t\t\t\t\t<\/div>\n\t\t\t\t<\/div>\n\t\t\t\t\t<\/div>\n\t\t<\/div>\n\t\t\t\t\t<\/div>\n\t\t<\/section>\n\t\t\t\t<section class=\"elementor-section elementor-top-section elementor-element elementor-element-53a3606 elementor-section-boxed elementor-section-height-default elementor-section-height-default\" data-id=\"53a3606\" data-element_type=\"section\" data-e-type=\"section\">\n\t\t\t\t\t\t<div class=\"elementor-container elementor-column-gap-default\">\n\t\t\t\t\t<div class=\"elementor-column elementor-col-100 elementor-top-column elementor-element elementor-element-2f45662\" data-id=\"2f45662\" data-element_type=\"column\" data-e-type=\"column\">\n\t\t\t<div class=\"elementor-widget-wrap elementor-element-populated\">\n\t\t\t\t\t\t<div class=\"elementor-element elementor-element-e55bd9b elementor-widget elementor-widget-spacer\" data-id=\"e55bd9b\" data-element_type=\"widget\" data-e-type=\"widget\" data-widget_type=\"spacer.default\">\n\t\t\t\t<div class=\"elementor-widget-container\">\n\t\t\t\t\t\t\t<div class=\"elementor-spacer\">\n\t\t\t<div class=\"elementor-spacer-inner\"><\/div>\n\t\t<\/div>\n\t\t\t\t\t\t<\/div>\n\t\t\t\t<\/div>\n\t\t\t\t\t<\/div>\n\t\t<\/div>\n\t\t\t\t\t<\/div>\n\t\t<\/section>\n\t\t\t\t<section class=\"elementor-section elementor-top-section elementor-element elementor-element-18c907a elementor-section-boxed elementor-section-height-default elementor-section-height-default\" data-id=\"18c907a\" data-element_type=\"section\" data-e-type=\"section\">\n\t\t\t\t\t\t<div class=\"elementor-container elementor-column-gap-default\">\n\t\t\t\t\t<div class=\"elementor-column elementor-col-50 elementor-top-column elementor-element elementor-element-b5de66f\" data-id=\"b5de66f\" data-element_type=\"column\" data-e-type=\"column\">\n\t\t\t<div class=\"elementor-widget-wrap elementor-element-populated\">\n\t\t\t\t\t\t<div class=\"elementor-element elementor-element-6111d46 elementor-widget__width-initial elementor-widget elementor-widget-text-editor\" data-id=\"6111d46\" data-element_type=\"widget\" data-e-type=\"widget\" data-widget_type=\"text-editor.default\">\n\t\t\t\t<div class=\"elementor-widget-container\">\n\t\t\t\t\t\t\t\t\t<p><span style=\"color: #000000;\"><span style=\"font-family: Arial, serif;\"><span style=\"font-size: medium;\">\u00dcber uns:<\/span><\/span><\/span><\/p><p><span style=\"color: #000000;\"><span style=\"font-family: Arial, serif;\"><span style=\"font-size: medium;\">Vielen Dank f\u00fcr Ihr Interesse an unserer Arbeit und unserem Unternehmen, mit dem Namen Goldwerk-Wiesbaden.<\/span><\/span><\/span><\/p><p><span style=\"color: #000000;\"><span style=\"font-family: Arial, serif;\"><span style=\"font-size: medium;\">Wir freuen uns sehr \u00fcber Ihren Besuch.<\/span><\/span><\/span><\/p><p><span style=\"color: #000000;\"><span style=\"font-family: Arial, serif;\"><span style=\"font-size: medium;\">In unserer kleinen Schmiede in Wiesbaden-Bierstadt pers\u00f6nlich oder hier in unserer digitalen Pr\u00e4senz, wir sind gerne f\u00fcr Sie da.<\/span><\/span><\/span><\/p><p><span style=\"color: #000000;\"><span style=\"font-family: Arial, serif;\"><span style=\"font-size: medium;\">Bei Goldwerk-Wiesbaden erwarten Sie spannende und exklusive Produkte\u00a0 rund um die Themen, exklusiver Gold- und Silberschmuck, hochwertige Uhren, und besondere Wohnaccessoires.\u00a0\u00a0\u00a0<\/span><\/span><\/span><\/p><p><span style=\"color: #000000;\"><span style=\"font-family: Arial, serif;\"><span style=\"font-size: medium;\">Dar\u00fcber hinaus bieten wir f\u00fcr Sie spezielle Dienstleistungen an.<\/span><\/span><\/span><\/p><p><span style=\"color: #000000;\"><span style=\"font-family: Arial, serif;\"><span style=\"font-size: medium;\">Ob Sie Reparaturen an Ihren Schmuckst\u00fccken ben\u00f6tigen oder einen Batteriewechsel sowie Service f\u00fcr Ihre Uhr w\u00fcnschen, bei uns sind Sie immer an der richtigen Adresse. In der Rubrik \u201cunsere Dienstleistungen\u201d erhalten Sie einen \u00dcberblick \u00fcber unseren Service f\u00fcr Sie.\u00a0\u00a0\u00a0<\/span><\/span><\/span><\/p><p><span style=\"color: #000000;\">\u00a0<\/span><\/p><p><span style=\"color: #000000;\"><span style=\"font-family: Arial, serif;\"><span style=\"font-size: medium;\">Um Ihnen ein einzigartiges Kauferlebnis zu bieten, kombinieren wir unseren Schmuck und eine kleine, aber besondere Auswahl an au\u00dfergew\u00f6hnlichen Wohnaccessoires.\u00a0<\/span><\/span><\/span><\/p><p><span style=\"color: #000000;\"><span style=\"font-family: Arial, serif;\"><span style=\"font-size: medium;\">Falls Sie einem besonderen Menschen in Ihrem Leben eine Freude machen m\u00f6chten oder sich selbst das Beste erlauben, stehen wir Ihnen zur Verf\u00fcgung und beraten Sie gerne umfassend.\u00a0\u00a0\u00a0\u00a0<\/span><\/span><\/span><\/p><p><span style=\"color: #000000;\"><span style=\"font-family: Arial, serif;\"><span style=\"font-size: medium;\">Unser Wunsch ist es, dass Sie sich wohlf\u00fchlen und eine gute Zeit bei uns verbringen.<\/span><\/span><\/span><\/p>\t\t\t\t\t\t\t\t<\/div>\n\t\t\t\t<\/div>\n\t\t\t\t\t<\/div>\n\t\t<\/div>\n\t\t\t\t<div class=\"elementor-column elementor-col-50 elementor-top-column elementor-element elementor-element-f8f3358\" data-id=\"f8f3358\" data-element_type=\"column\" data-e-type=\"column\">\n\t\t\t<div class=\"elementor-widget-wrap elementor-element-populated\">\n\t\t\t\t\t\t<div class=\"elementor-element elementor-element-c28d184 elementor-widget elementor-widget-image\" data-id=\"c28d184\" data-element_type=\"widget\" data-e-type=\"widget\" data-widget_type=\"image.default\">\n\t\t\t\t<div class=\"elementor-widget-container\">\n\t\t\t\t\t\t\t\t\t\t\t\t\t\t\t<img decoding=\"async\" width=\"993\" height=\"279\" src=\"https:\/\/goldwerk-wiesbaden.de\/wp-content\/uploads\/2023\/07\/cropped-hertlein-1-e1710885520312.png\" class=\"attachment-large size-large wp-image-2694\" alt=\"\" srcset=\"https:\/\/goldwerk-wiesbaden.de\/wp-content\/uploads\/2023\/07\/cropped-hertlein-1-e1710885520312.png 993w, https:\/\/goldwerk-wiesbaden.de\/wp-content\/uploads\/2023\/07\/cropped-hertlein-1-e1710885520312-300x84.png 300w, https:\/\/goldwerk-wiesbaden.de\/wp-content\/uploads\/2023\/07\/cropped-hertlein-1-e1710885520312-768x216.png 768w\" sizes=\"(max-width: 993px) 100vw, 993px\" \/>\t\t\t\t\t\t\t\t\t\t\t\t\t\t\t<\/div>\n\t\t\t\t<\/div>\n\t\t\t\t<div class=\"elementor-element elementor-element-214fe00 elementor-widget elementor-widget-spacer\" data-id=\"214fe00\" data-element_type=\"widget\" data-e-type=\"widget\" data-widget_type=\"spacer.default\">\n\t\t\t\t<div class=\"elementor-widget-container\">\n\t\t\t\t\t\t\t<div class=\"elementor-spacer\">\n\t\t\t<div class=\"elementor-spacer-inner\"><\/div>\n\t\t<\/div>\n\t\t\t\t\t\t<\/div>\n\t\t\t\t<\/div>\n\t\t\t\t<div class=\"elementor-element elementor-element-7aca91c elementor-widget elementor-widget-image\" data-id=\"7aca91c\" data-element_type=\"widget\" data-e-type=\"widget\" data-widget_type=\"image.default\">\n\t\t\t\t<div class=\"elementor-widget-container\">\n\t\t\t\t\t\t\t\t\t\t\t\t\t\t\t<img loading=\"lazy\" decoding=\"async\" width=\"1024\" height=\"768\" src=\"https:\/\/goldwerk-wiesbaden.de\/wp-content\/uploads\/2023\/07\/IMG_8292-1-1024x768.jpg\" class=\"attachment-large size-large wp-image-2655\" alt=\"\" srcset=\"https:\/\/goldwerk-wiesbaden.de\/wp-content\/uploads\/2023\/07\/IMG_8292-1-1024x768.jpg 1024w, https:\/\/goldwerk-wiesbaden.de\/wp-content\/uploads\/2023\/07\/IMG_8292-1-300x225.jpg 300w, https:\/\/goldwerk-wiesbaden.de\/wp-content\/uploads\/2023\/07\/IMG_8292-1-768x576.jpg 768w, https:\/\/goldwerk-wiesbaden.de\/wp-content\/uploads\/2023\/07\/IMG_8292-1-1536x1152.jpg 1536w, https:\/\/goldwerk-wiesbaden.de\/wp-content\/uploads\/2023\/07\/IMG_8292-1.jpg 1600w\" sizes=\"(max-width: 1024px) 100vw, 1024px\" \/>\t\t\t\t\t\t\t\t\t\t\t\t\t\t\t<\/div>\n\t\t\t\t<\/div>\n\t\t\t\t<div class=\"elementor-element elementor-element-f795570 elementor-widget elementor-widget-spacer\" data-id=\"f795570\" data-element_type=\"widget\" data-e-type=\"widget\" data-widget_type=\"spacer.default\">\n\t\t\t\t<div class=\"elementor-widget-container\">\n\t\t\t\t\t\t\t<div class=\"elementor-spacer\">\n\t\t\t<div class=\"elementor-spacer-inner\"><\/div>\n\t\t<\/div>\n\t\t\t\t\t\t<\/div>\n\t\t\t\t<\/div>\n\t\t\t\t\t<\/div>\n\t\t<\/div>\n\t\t\t\t\t<\/div>\n\t\t<\/section>\n\t\t\t\t<section class=\"elementor-section elementor-top-section elementor-element elementor-element-bdb151b elementor-section-boxed elementor-section-height-default elementor-section-height-default\" data-id=\"bdb151b\" data-element_type=\"section\" data-e-type=\"section\">\n\t\t\t\t\t\t<div class=\"elementor-container elementor-column-gap-default\">\n\t\t\t\t\t<div class=\"elementor-column elementor-col-100 elementor-top-column elementor-element elementor-element-fbfdf13\" data-id=\"fbfdf13\" data-element_type=\"column\" data-e-type=\"column\">\n\t\t\t<div class=\"elementor-widget-wrap elementor-element-populated\">\n\t\t\t\t\t\t<div class=\"elementor-element elementor-element-0365609 elementor-widget elementor-widget-spacer\" data-id=\"0365609\" data-element_type=\"widget\" data-e-type=\"widget\" data-widget_type=\"spacer.default\">\n\t\t\t\t<div class=\"elementor-widget-container\">\n\t\t\t\t\t\t\t<div class=\"elementor-spacer\">\n\t\t\t<div class=\"elementor-spacer-inner\"><\/div>\n\t\t<\/div>\n\t\t\t\t\t\t<\/div>\n\t\t\t\t<\/div>\n\t\t\t\t\t<\/div>\n\t\t<\/div>\n\t\t\t\t\t<\/div>\n\t\t<\/section>\n\t\t\t\t<\/div>\n\t\t","protected":false},"excerpt":{"rendered":"<p>\u00fcber mich \u00dcber uns: Vielen Dank f\u00fcr Ihr Interesse an unserer Arbeit und unserem Unternehmen, mit dem Namen Goldwerk-Wiesbaden. Wir freuen uns sehr \u00fcber Ihren Besuch. In unserer kleinen Schmiede in Wiesbaden-Bierstadt pers\u00f6nlich oder hier in unserer digitalen Pr\u00e4senz, wir sind gerne f\u00fcr Sie da. Bei Goldwerk-Wiesbaden erwarten Sie spannende und exklusive Produkte&nbsp; rund um&#8230;<\/p>\n","protected":false},"author":2,"featured_media":0,"parent":0,"menu_order":0,"comment_status":"closed","ping_status":"closed","template":"","meta":{"_kad_post_transparent":"default","_kad_post_title":"hide","_kad_post_layout":"normal","_kad_post_sidebar_id":"","_kad_post_content_style":"unboxed","_kad_post_vertical_padding":"hide","_kad_post_feature":"hide","_kad_post_feature_position":"","_kad_post_header":false,"_kad_post_footer":false,"footnotes":""},"class_list":["post-2794","page","type-page","status-publish","hentry"],"_links":{"self":[{"href":"https:\/\/goldwerk-wiesbaden.de\/index.php\/wp-json\/wp\/v2\/pages\/2794","targetHints":{"allow":["GET"]}}],"collection":[{"href":"https:\/\/goldwerk-wiesbaden.de\/index.php\/wp-json\/wp\/v2\/pages"}],"about":[{"href":"https:\/\/goldwerk-wiesbaden.de\/index.php\/wp-json\/wp\/v2\/types\/page"}],"author":[{"embeddable":true,"href":"https:\/\/goldwerk-wiesbaden.de\/index.php\/wp-json\/wp\/v2\/users\/2"}],"replies":[{"embeddable":true,"href":"https:\/\/goldwerk-wiesbaden.de\/index.php\/wp-json\/wp\/v2\/comments?post=2794"}],"version-history":[{"count":8,"href":"https:\/\/goldwerk-wiesbaden.de\/index.php\/wp-json\/wp\/v2\/pages\/2794\/revisions"}],"predecessor-version":[{"id":2811,"href":"https:\/\/goldwerk-wiesbaden.de\/index.php\/wp-json\/wp\/v2\/pages\/2794\/revisions\/2811"}],"wp:attachment":[{"href":"https:\/\/goldwerk-wiesbaden.de\/index.php\/wp-json\/wp\/v2\/media?parent=2794"}],"curies":[{"name":"wp","href":"https:\/\/api.w.org\/{rel}","templated":true}]}}